{"id":33,"date":"2026-02-23T19:29:28","date_gmt":"2026-02-23T19:29:28","guid":{"rendered":"https:\/\/qualideal.de\/?page_id=33"},"modified":"2026-04-03T21:59:52","modified_gmt":"2026-04-03T21:59:52","slug":"more","status":"publish","type":"page","link":"https:\/\/qualideal.de\/de\/more","title":{"rendered":"ABOUT"},"content":{"rendered":"<section class=\"section\" id=\"section_129727240\">\n\t\t<div class=\"section-bg fill\" >\n\t\t\t<img loading=\"lazy\" decoding=\"async\" width=\"1376\" height=\"768\" src=\"https:\/\/qualideal.de\/wp-content\/uploads\/2026\/03\/ueber-uns.jpeg\" class=\"bg attachment- size-\" alt=\"\" \/>\t\t\t\t\t\t<div class=\"section-bg-overlay absolute fill\"><\/div>\n\t\t\t\n\n\t\t<\/div>\n\n\t\t\n\n\t\t<div class=\"section-content relative\">\n\t\t\t\n\n\t<div id=\"text-2877816707\" class=\"text\">\n\t\t\n\n\n\t\t\n<style>\n#text-2877816707 {\n  font-size: 1.6rem;\n  line-height: 1.75;\n  text-align: center;\n  color: rgb(255,255,255);\n}\n#text-2877816707 > * {\n  color: rgb(255,255,255);\n}\n<\/style>\n\t<\/div>\n\t\n\n\t\t<\/div>\n\n\t\t\n<style>\n#section_129727240 {\n  padding-top: 30px;\n  padding-bottom: 30px;\n  margin-bottom: 0px;\n  min-height: 600px;\n}\n#section_129727240 .section-bg-overlay {\n  background-color: rgba(0, 0, 0, 0.209);\n}\n#section_129727240 .section-bg img {\n  object-position: 64% 63%;\n}\n<\/style>\n\t<\/section>\n\t\n<div class=\"row\"  id=\"row-1723746265\">\n\n\n\t<div id=\"col-1088103670\" class=\"col small-12 large-12\"  >\n\t\t\t\t<div class=\"col-inner\"  >\n\t\t\t\n\t\t\t\n\n\t<div id=\"text-3247147445\" class=\"text\">\n\t\t\n\n<div><strong>QualiDeal \u2013 Dein Revier. Deine Jagd. Dein Triumph.<\/strong><\/div>\n<div>\u00a0<\/div>\n<div>Willkommen bei QualiDeal in Hockenheim. Vergiss gew\u00f6hnliches Shopping. Hier z\u00e4hlt nur der Moment, in dem du das Unm\u00f6gliche m\u00f6glich machst. Werde zum Top-Performer auf einer digitalen Schatzsuche, bei der nur die Schnellsten gewinnen.<\/div>\n<div>\u00a0<\/div>\n<div><strong>Was dich bei QualiDeal erwartet:<\/strong><\/div>\n<div>\u00a0<\/div>\n<div>Echte Schatzsuche: Fabrikneue Highlights und exklusive Einzelst\u00fccke, die normalerweise unerreichbar scheinen \u2013 hier direkt vor deinen Augen.<\/div>\n<div>\u00a0<\/div>\n<div>Limitierter Nervenkitzel: Streng begrenzte Best\u00e4nde, die nur darauf warten, von dir gesichert zu werden. Wer zuerst klickt, gewinnt den Deal.<\/div>\n<div>\u00a0<\/div>\n<div><strong>Maximale Bandbreite:<\/strong><\/div>\n<div>\u00a0<\/div>\n<div>Von geheimnisvollen Mystery Boxen bis hin zu professionellem Equipment. Alles handverlesen, alles bereit f\u00fcr deinen Erfolg.<\/div>\n<div>\u00a0<\/div>\n<div>Dein Vorsprung: Keine leeren Versprechen, sondern st\u00e4ndig wechselnde Goldgruben f\u00fcr echte Kenner. Wenn weg, dann weg.<\/div>\n<div>\u00a0<\/div>\n<div>Sichere dir den entscheidenden Vorteil. Hol dir die Qualit\u00e4t, die du verdient hast, zum Preis, den du liebst.<\/div>\n<div>\u00a0<\/div>\n<div><strong>\u200bGesucht. Gefunden. QualiDeal.<\/strong><\/div>\n<p>\u00a0<\/p>\n<p><img loading=\"lazy\" decoding=\"async\" class=\"wp-image-174 aligncenter\" src=\"https:\/\/qualideal.de\/wp-content\/uploads\/2026\/03\/Ekran_Alintisi-removebg-preview-300x300.png\" alt=\"\" width=\"152\" height=\"152\" srcset=\"https:\/\/qualideal.de\/wp-content\/uploads\/2026\/03\/Ekran_Alintisi-removebg-preview-300x300.png 300w, https:\/\/qualideal.de\/wp-content\/uploads\/2026\/03\/Ekran_Alintisi-removebg-preview-150x150.png 150w, https:\/\/qualideal.de\/wp-content\/uploads\/2026\/03\/Ekran_Alintisi-removebg-preview-100x100.png 100w, https:\/\/qualideal.de\/wp-content\/uploads\/2026\/03\/Ekran_Alintisi-removebg-preview.png 500w\" sizes=\"auto, (max-width: 152px) 100vw, 152px\" \/><\/p>\n\t\t\n<style>\n#text-3247147445 {\n  text-align: center;\n}\n<\/style>\n\t<\/div>\n\t\n\n\t\t<\/div>\n\t\t\t\t\t<\/div>\n\n\t\n\n<\/div>","protected":false},"excerpt":{"rendered":"","protected":false},"author":1,"featured_media":0,"parent":0,"menu_order":0,"comment_status":"closed","ping_status":"closed","template":"","meta":{"footnotes":""},"class_list":["post-33","page","type-page","status-publish","hentry"],"_links":{"self":[{"href":"https:\/\/qualideal.de\/de\/wp-json\/wp\/v2\/pages\/33","targetHints":{"allow":["GET"]}}],"collection":[{"href":"https:\/\/qualideal.de\/de\/wp-json\/wp\/v2\/pages"}],"about":[{"href":"https:\/\/qualideal.de\/de\/wp-json\/wp\/v2\/types\/page"}],"author":[{"embeddable":true,"href":"https:\/\/qualideal.de\/de\/wp-json\/wp\/v2\/users\/1"}],"replies":[{"embeddable":true,"href":"https:\/\/qualideal.de\/de\/wp-json\/wp\/v2\/comments?post=33"}],"version-history":[{"count":12,"href":"https:\/\/qualideal.de\/de\/wp-json\/wp\/v2\/pages\/33\/revisions"}],"predecessor-version":[{"id":377,"href":"https:\/\/qualideal.de\/de\/wp-json\/wp\/v2\/pages\/33\/revisions\/377"}],"wp:attachment":[{"href":"https:\/\/qualideal.de\/de\/wp-json\/wp\/v2\/media?parent=33"}],"curies":[{"name":"wp","href":"https:\/\/api.w.org\/{rel}","templated":true}]}}