{"id":193,"date":"2026-03-07T20:00:01","date_gmt":"2026-03-07T20:00:01","guid":{"rendered":"https:\/\/qualideal.de\/?page_id=193"},"modified":"2026-04-03T21:04:16","modified_gmt":"2026-04-03T21:04:16","slug":"shipping-policy","status":"publish","type":"page","link":"https:\/\/qualideal.de\/de\/shipping-policy","title":{"rendered":"Versandrichtlinie"},"content":{"rendered":"<section class=\"section\" id=\"section_722953263\">\n\t\t<div class=\"section-bg fill\" >\n\t\t\t<img loading=\"lazy\" decoding=\"async\" width=\"1024\" height=\"1024\" src=\"https:\/\/qualideal.de\/wp-content\/uploads\/2026\/03\/How_to_Unlock_Flea_Market_Success_with_Mixed_Pallets_and_Household_Goods_8b8f9fd6-0744-43f9-87ce-fd2b80565142.png\" class=\"bg attachment- size-\" alt=\"\" \/>\t\t\t\t\t\t<div class=\"section-bg-overlay absolute fill\"><\/div>\n\t\t\t\n\n\t\t<\/div>\n\n\t\t\n\n\t\t<div class=\"section-content relative\">\n\t\t\t\n\n\t<div id=\"text-2286968951\" class=\"text\">\n\t\t\n\n<h1>Versandrichtlinie<\/h1>\n\t\t\n<style>\n#text-2286968951 {\n  font-size: 1.6rem;\n  line-height: 1.75;\n  text-align: center;\n  color: rgb(255,255,255);\n}\n#text-2286968951 > * {\n  color: rgb(255,255,255);\n}\n<\/style>\n\t<\/div>\n\t\n\n\t\t<\/div>\n\n\t\t\n<style>\n#section_722953263 {\n  padding-top: 30px;\n  padding-bottom: 30px;\n  margin-bottom: 0px;\n  min-height: 600px;\n}\n#section_722953263 .section-bg-overlay {\n  background-color: rgba(0, 0, 0, 0.209);\n}\n#section_722953263 .section-bg img {\n  object-position: 64% 63%;\n}\n<\/style>\n\t<\/section>\n\t\n<div class=\"row\"  id=\"row-508991599\">\n\n\n\t<div id=\"col-1405052071\" class=\"col small-12 large-12\"  >\n\t\t\t\t<div class=\"col-inner\"  >\n\t\t\t\n\t\t\t\n\n<div><strong>Versandrichtlinien<\/strong><\/div>\n<div>\u00a0<\/div>\n<div>1. Versandgebiet<\/div>\n<div>Wir liefern innerhalb Deutschlands sowie international in ausgew\u00e4hlte L\u00e4nder weltweit.<\/div>\n<div>\u00a0<\/div>\n<div>Sollte Ihr Land im Bestellprozess nicht ausw\u00e4hlbar sein, kontaktieren Sie uns bitte.<\/div>\n<div>\u00a0<\/div>\n<div>2. Versandkosten<\/div>\n<div>Die Versandkosten werden im Bestellprozess individuell berechnet und angezeigt.<\/div>\n<div>\u00a0<\/div>\n<div>Bei internationalen Bestellungen k\u00f6nnen zus\u00e4tzliche Kosten wie Zollgeb\u00fchren, Einfuhrsteuern oder sonstige Abgaben anfallen, die vom K\u00e4ufer zu tragen sind.<\/div>\n<div>\u00a0<\/div>\n<div>3. Bearbeitungszeit<\/div>\n<div>Bestellungen werden in der Regel innerhalb von 1\u20132 Werktagen bearbeitet und versendet.<\/div>\n<div>\u00a0<\/div>\n<div>4. Lieferzeiten<\/div>\n<div>Deutschland: 2\u20135 Werktage<\/div>\n<div>Europa: 3\u201310 Werktage<\/div>\n<div>International: 7\u201321 Werktage<\/div>\n<div>\u00a0<\/div>\n<div>Lieferzeiten k\u00f6nnen je nach Zielland und Versanddienstleister variieren.<\/div>\n<div>\u00a0<\/div>\n<div>5. Versanddienstleister<\/div>\n<div>Der Versand erfolgt je nach Gr\u00f6\u00dfe, Gewicht und Zielort \u00fcber folgende Versanddienstleister:<\/div>\n<div>\u00a0<\/div>\n<div>\u2013 DHL<\/div>\n<div>\u2013 DPD<\/div>\n<div>\u2013 GLS<\/div>\n<div>\u2013 Hermes<\/div>\n<div>\u00a0<\/div>\n<div>Die Auswahl des Versanddienstleisters erfolgt durch uns.<\/div>\n<div>\u00a0<\/div>\n<div>6. Teillieferungen<\/div>\n<div>Sollte ein Artikel nicht sofort verf\u00fcgbar sein, behalten wir uns vor, die Lieferung in Teilsendungen durchzuf\u00fchren, sofern dies f\u00fcr den Kunden zumutbar ist.<\/div>\n<div>\u00a0<\/div>\n<div>7. Retouren- und Restpostenware<\/div>\n<div>Bei der angebotenen Ware handelt es sich teilweise um Retouren- und Restpostenartikel.<\/div>\n<div>\u00a0<\/div>\n<div>Die Verpackung kann besch\u00e4digt oder bereits ge\u00f6ffnet sein. Dies stellt keinen Mangel dar.<\/div>\n<div>\u00a0<\/div>\n<div>8. Transportsch\u00e4den<\/div>\n<div>Bitte pr\u00fcfen Sie die Ware direkt bei Erhalt.<\/div>\n<div>\u00a0<\/div>\n<div>Offensichtliche Transportsch\u00e4den sind umgehend beim Zusteller zu melden und uns mitzuteilen.<\/div>\n<div>\u00a0<\/div>\n<div>9. Nicht zustellbare Sendungen<\/div>\n<div>Wird eine Sendung aufgrund falscher Adressangaben, Nichtannahme oder Nichtabholung an uns zur\u00fcckgesendet, behalten wir uns vor, die entstandenen Versandkosten erneut in Rechnung zu stellen.<\/div>\n<div>\u00a0<\/div>\n<div>10. Internationale R\u00fccksendungen<\/div>\n<div>\u00a0<\/div>\n<div>Die Kosten f\u00fcr R\u00fccksendungen aus dem Ausland tr\u00e4gt der K\u00e4ufer, sofern kein gesetzlicher Anspruch besteht.<\/div>\n<div>\u00a0<\/div>\n<div>11. Gro\u00dfh\u00e4ndler (B2B)<\/div>\n<div>\u00a0<\/div>\n<div>F\u00fcr gewerbliche Kunden k\u00f6nnen abweichende Versand- und Lieferbedingungen gelten.<\/div>\n<div>\u00a0<\/div>\n<div>Diese werden individuell vereinbart.<\/div>\n\n\t\t<\/div>\n\t\t\t\t\t<\/div>\n\n\t\n\n<\/div>","protected":false},"excerpt":{"rendered":"","protected":false},"author":1,"featured_media":0,"parent":0,"menu_order":0,"comment_status":"closed","ping_status":"closed","template":"","meta":{"footnotes":""},"class_list":["post-193","page","type-page","status-publish","hentry"],"_links":{"self":[{"href":"https:\/\/qualideal.de\/de\/wp-json\/wp\/v2\/pages\/193","targetHints":{"allow":["GET"]}}],"collection":[{"href":"https:\/\/qualideal.de\/de\/wp-json\/wp\/v2\/pages"}],"about":[{"href":"https:\/\/qualideal.de\/de\/wp-json\/wp\/v2\/types\/page"}],"author":[{"embeddable":true,"href":"https:\/\/qualideal.de\/de\/wp-json\/wp\/v2\/users\/1"}],"replies":[{"embeddable":true,"href":"https:\/\/qualideal.de\/de\/wp-json\/wp\/v2\/comments?post=193"}],"version-history":[{"count":8,"href":"https:\/\/qualideal.de\/de\/wp-json\/wp\/v2\/pages\/193\/revisions"}],"predecessor-version":[{"id":361,"href":"https:\/\/qualideal.de\/de\/wp-json\/wp\/v2\/pages\/193\/revisions\/361"}],"wp:attachment":[{"href":"https:\/\/qualideal.de\/de\/wp-json\/wp\/v2\/media?parent=193"}],"curies":[{"name":"wp","href":"https:\/\/api.w.org\/{rel}","templated":true}]}}