{"id":191,"date":"2026-03-07T19:59:46","date_gmt":"2026-03-07T19:59:46","guid":{"rendered":"https:\/\/qualideal.de\/?page_id=191"},"modified":"2026-04-03T21:02:12","modified_gmt":"2026-04-03T21:02:12","slug":"terms-of-service","status":"publish","type":"page","link":"https:\/\/qualideal.de\/de\/terms-of-service","title":{"rendered":"NUTZUNGSBEDINGUNGEN"},"content":{"rendered":"<section class=\"section\" id=\"section_1804573504\">\n\t\t<div class=\"section-bg fill\" >\n\t\t\t<img loading=\"lazy\" decoding=\"async\" width=\"1024\" height=\"1024\" src=\"https:\/\/qualideal.de\/wp-content\/uploads\/2026\/03\/How_to_Unlock_Flea_Market_Success_with_Mixed_Pallets_and_Household_Goods_8b8f9fd6-0744-43f9-87ce-fd2b80565142.png\" class=\"bg attachment- size-\" alt=\"\" \/>\t\t\t\t\t\t<div class=\"section-bg-overlay absolute fill\"><\/div>\n\t\t\t\n\n\t\t<\/div>\n\n\t\t\n\n\t\t<div class=\"section-content relative\">\n\t\t\t\n\n\t<div id=\"text-3260922616\" class=\"text\">\n\t\t\n\n<h1>NUTZUNGSBEDINGUNGEN<\/h1>\n\t\t\n<style>\n#text-3260922616 {\n  font-size: 1.6rem;\n  line-height: 1.75;\n  text-align: center;\n  color: rgb(255,255,255);\n}\n#text-3260922616 > * {\n  color: rgb(255,255,255);\n}\n<\/style>\n\t<\/div>\n\t\n\n\t\t<\/div>\n\n\t\t\n<style>\n#section_1804573504 {\n  padding-top: 30px;\n  padding-bottom: 30px;\n  margin-bottom: 0px;\n  min-height: 600px;\n}\n#section_1804573504 .section-bg-overlay {\n  background-color: rgba(0, 0, 0, 0.209);\n}\n#section_1804573504 .section-bg img {\n  object-position: 64% 63%;\n}\n<\/style>\n\t<\/section>\n\t\n<div class=\"row\"  id=\"row-1382263784\">\n\n\n\t<div id=\"col-754918602\" class=\"col small-12 large-12\"  >\n\t\t\t\t<div class=\"col-inner\"  >\n\t\t\t\n\t\t\t\n\n<div><strong>Allgemeine Gesch\u00e4ftsbedingungen (AGB)<\/strong><\/div>\n<div>\u00a0<\/div>\n<div>1. Geltungsbereich<\/div>\n<div>Diese AGB gelten f\u00fcr alle Bestellungen \u00fcber unseren Online-Shop QualiDeal.<\/div>\n<div>\u00a0<\/div>\n<div>Es wird unterschieden zwischen Verbrauchern (B2C) und Unternehmern (B2B).<\/div>\n<div>\u00a0<\/div>\n<div>2. Vertragspartner<\/div>\n<div>Der Kaufvertrag kommt zustande mit:<\/div>\n<div>QualiDeal, Mustafa Cerrahoglu<\/div>\n<div>\u00a0<\/div>\n<div>3. Besonderheiten bei Retouren- und Restpostenware<\/div>\n<div>Bei der angebotenen Ware handelt es sich teilweise um Retouren- und Restpostenartikel.<\/div>\n<div>\u00a0<\/div>\n<div>Diese k\u00f6nnen:<\/div>\n<div>\u00a0<\/div>\n<div>\u2013 Verpackungssch\u00e4den aufweisen<\/div>\n<div>\u2013 aus R\u00fccksendungen stammen<\/div>\n<div>\u2013 bereits ge\u00f6ffnet worden sein<\/div>\n<div>\u00a0<\/div>\n<div>Die Ware wird entsprechend gekennzeichnet verkauft.<\/div>\n<div>\u00a0<\/div>\n<div>4. R\u00fcckgabe und Zustand der Ware (B2C)<\/div>\n<div>\u00a0<\/div>\n<div>Im Falle eines Widerrufs ist die Ware m\u00f6glichst im urspr\u00fcnglichen Zustand zur\u00fcckzugeben.<\/div>\n<div>\u00a0<\/div>\n<div>Wurde die Ware \u00fcber die \u00fcbliche Pr\u00fcfung hinaus genutzt oder ge\u00f6ffnet, behalten wir uns vor, einen Wertersatz geltend zu machen.<\/div>\n<div>\u00a0<\/div>\n<div>Unge\u00f6ffnete und originalverpackte Ware kann vollst\u00e4ndig erstattet werden.<\/div>\n<div>\u00a0<\/div>\n<div>5. Regelungen f\u00fcr Unternehmer (B2B)<\/div>\n<div>\u00a0<\/div>\n<div>F\u00fcr Unternehmer gilt:<\/div>\n<div>\u00a0<\/div>\n<div>\u2013 Kein gesetzliches Widerrufsrecht<\/div>\n<div>\u00a0<\/div>\n<div>\u2013 R\u00fccknahme nur nach individueller Vereinbarung<\/div>\n<div>\u00a0<\/div>\n<div>\u2013 Ware wird wie gesehen verkauft<\/div>\n<div>\u00a0<\/div>\n<div>Retouren- und Restpostenware ist vom Umtausch ausgeschlossen, sofern nicht anders vereinbart.<\/div>\n<div>\u00a0<\/div>\n<div>6. Preise und Mehrwertsteuer<\/div>\n<div>\u00a0<\/div>\n<div>F\u00fcr Endkunden (B2C):<\/div>\n<div>\u00a0<\/div>\n<div>Alle Preise verstehen sich inklusive gesetzlicher Mehrwertsteuer.<\/div>\n<div>\u00a0<\/div>\n<div>F\u00fcr Unternehmer (B2B):<\/div>\n<div>\u00a0<\/div>\n<div>Preise k\u00f6nnen als Nettopreise ausgewiesen werden. Die gesetzliche Mehrwertsteuer wird zus\u00e4tzlich berechnet.<\/div>\n<div>\u00a0<\/div>\n<div>7. Zahlung<\/div>\n<div>\u00a0<\/div>\n<div>Folgende Zahlungsmethoden stehen zur Verf\u00fcgung:<\/div>\n<div>\u00a0<\/div>\n<div>\u2013 PayPal<\/div>\n<div>\u2013 Klarna<\/div>\n<div>\u2013 Kreditkarte (Stripe)<\/div>\n<div>\u00a0<\/div>\n<div>8. Lieferung<\/div>\n<div>\u00a0<\/div>\n<div>Die Lieferung erfolgt innerhalb Deutschlands.<\/div>\n<div>\u00a0<\/div>\n<div>9. Gew\u00e4hrleistung<\/div>\n<div>\u00a0<\/div>\n<div>F\u00fcr Verbraucher gelten die gesetzlichen Gew\u00e4hrleistungsrechte.<\/div>\n<div>\u00a0<\/div>\n<div>F\u00fcr Unternehmer kann die Gew\u00e4hrleistung eingeschr\u00e4nkt werden, soweit gesetzlich zul\u00e4ssig.<\/div>\n<div>\u00a0<\/div>\n<div>10. Schlussbestimmungen<\/div>\n<div>\u00a0<\/div>\n<div>Es gilt deutsches Recht.<\/div>\n\n\t\t<\/div>\n\t\t\t\t\t<\/div>\n\n\t\n\n<\/div>","protected":false},"excerpt":{"rendered":"","protected":false},"author":1,"featured_media":0,"parent":0,"menu_order":0,"comment_status":"closed","ping_status":"closed","template":"","meta":{"footnotes":""},"class_list":["post-191","page","type-page","status-publish","hentry"],"_links":{"self":[{"href":"https:\/\/qualideal.de\/de\/wp-json\/wp\/v2\/pages\/191","targetHints":{"allow":["GET"]}}],"collection":[{"href":"https:\/\/qualideal.de\/de\/wp-json\/wp\/v2\/pages"}],"about":[{"href":"https:\/\/qualideal.de\/de\/wp-json\/wp\/v2\/types\/page"}],"author":[{"embeddable":true,"href":"https:\/\/qualideal.de\/de\/wp-json\/wp\/v2\/users\/1"}],"replies":[{"embeddable":true,"href":"https:\/\/qualideal.de\/de\/wp-json\/wp\/v2\/comments?post=191"}],"version-history":[{"count":5,"href":"https:\/\/qualideal.de\/de\/wp-json\/wp\/v2\/pages\/191\/revisions"}],"predecessor-version":[{"id":359,"href":"https:\/\/qualideal.de\/de\/wp-json\/wp\/v2\/pages\/191\/revisions\/359"}],"wp:attachment":[{"href":"https:\/\/qualideal.de\/de\/wp-json\/wp\/v2\/media?parent=191"}],"curies":[{"name":"wp","href":"https:\/\/api.w.org\/{rel}","templated":true}]}}