{"id":187,"date":"2026-03-07T19:59:09","date_gmt":"2026-03-07T19:59:09","guid":{"rendered":"https:\/\/qualideal.de\/?page_id=187"},"modified":"2026-04-03T21:00:44","modified_gmt":"2026-04-03T21:00:44","slug":"refund-policy","status":"publish","type":"page","link":"https:\/\/qualideal.de\/de\/refund-policy","title":{"rendered":"R\u00fcckerstattungsrichtlinie"},"content":{"rendered":"<section class=\"section\" id=\"section_1128825867\">\n\t\t<div class=\"section-bg fill\" >\n\t\t\t<img loading=\"lazy\" decoding=\"async\" width=\"1024\" height=\"1024\" src=\"https:\/\/qualideal.de\/wp-content\/uploads\/2026\/03\/How_to_Unlock_Flea_Market_Success_with_Mixed_Pallets_and_Household_Goods_8b8f9fd6-0744-43f9-87ce-fd2b80565142.png\" class=\"bg attachment- size-\" alt=\"\" \/>\t\t\t\t\t\t<div class=\"section-bg-overlay absolute fill\"><\/div>\n\t\t\t\n\n\t\t<\/div>\n\n\t\t\n\n\t\t<div class=\"section-content relative\">\n\t\t\t\n\n\t<div id=\"text-2652839899\" class=\"text\">\n\t\t\n\n<h1>R\u00fcckerstattungsrichtlinie<\/h1>\n\t\t\n<style>\n#text-2652839899 {\n  font-size: 1.6rem;\n  line-height: 1.75;\n  text-align: center;\n  color: rgb(255,255,255);\n}\n#text-2652839899 > * {\n  color: rgb(255,255,255);\n}\n<\/style>\n\t<\/div>\n\t\n\n\t\t<\/div>\n\n\t\t\n<style>\n#section_1128825867 {\n  padding-top: 30px;\n  padding-bottom: 30px;\n  margin-bottom: 0px;\n  min-height: 600px;\n}\n#section_1128825867 .section-bg-overlay {\n  background-color: rgba(0, 0, 0, 0.209);\n}\n#section_1128825867 .section-bg img {\n  object-position: 64% 63%;\n}\n<\/style>\n\t<\/section>\n\t\n<div class=\"row\"  id=\"row-925605058\">\n\n\n\t<div id=\"col-2140634995\" class=\"col small-12 large-12\"  >\n\t\t\t\t<div class=\"col-inner\"  >\n\t\t\t\n\t\t\t\n\n<div>\n<div>\n<div><strong>Widerrufsbelehrung<\/strong><\/div>\n<div>\u00a0<\/div>\n<div>Verbraucher (B2C)<\/div>\n<div>\u00a0<\/div>\n<div>Sie haben das Recht, binnen 14 Tagen ohne Angabe von Gr\u00fcnden diesen Vertrag zu widerrufen.<\/div>\n<div>\u00a0<\/div>\n<div>Die Widerrufsfrist betr\u00e4gt 14 Tage ab dem Tag, an dem Sie oder ein von Ihnen benannter Dritter die Ware in Besitz genommen haben.<\/div>\n<div>\u00a0<\/div>\n<div>Um Ihr Widerrufsrecht auszu\u00fcben, m\u00fcssen Sie uns kontaktieren:<\/div>\n<div>\u00a0<\/div>\n<div>QualiDeal<\/div>\n<div>Mustafa Cerrahoglu<\/div>\n<div>Luisenstra\u00dfe 44<\/div>\n<div>68766 Hockenheim<\/div>\n<div>QualiDealde@gmail.com<\/div>\n<div>\u00a0<\/div>\n<div>Folgen des Widerrufs:<\/div>\n<div>\u00a0<\/div>\n<div>Wenn Sie diesen Vertrag widerrufen, haben wir Ihnen alle Zahlungen, die wir von Ihnen erhalten haben, unverz\u00fcglich und sp\u00e4testens binnen 14 Tagen zur\u00fcckzuzahlen.<\/div>\n<div>\u00a0<\/div>\n<div>Sie haben die Waren unverz\u00fcglich und in jedem Fall sp\u00e4testens binnen 14 Tagen an uns zur\u00fcckzusenden.<\/div>\n<div>\u00a0<\/div>\n<div>Hinweis zum Zustand der Ware:<\/div>\n<div>\u00a0<\/div>\n<div>Die Ware darf zur Pr\u00fcfung ge\u00f6ffnet werden, wie es im station\u00e4ren Handel \u00fcblich w\u00e4re.<\/div>\n<div>\u00a0<\/div>\n<div>Bei einer Nutzung \u00fcber die \u00fcbliche Pr\u00fcfung hinaus oder bei Besch\u00e4digung behalten wir uns vor, Wertersatz geltend zu machen.<\/div>\n<div>\u00a0<\/div>\n<div>Unge\u00f6ffnete und originalverpackte Ware kann vollst\u00e4ndig erstattet werden.<\/div>\n<div>\u00a0<\/div>\n<div>\u2014\u2014\u2014\u2014\u2014\u2014\u2014\u2014\u2014\u2014\u2014\u2014\u2014\u2014\u2014\u2014\u2014\u2014\u2014\u2014\u2014\u2014\u2014\u2014\u2014\u2014\u2014\u2014\u2014\u2014\u2014\u2014\u2014\u2014<\/div>\n<div>\u00a0<\/div>\n<div>Unternehmer (B2B)<\/div>\n<div>\u00a0<\/div>\n<div>Das gesetzliche Widerrufsrecht besteht ausschlie\u00dflich f\u00fcr Verbraucher.<\/div>\n<div>\u00a0<\/div>\n<div>F\u00fcr Unternehmer im Sinne des \u00a7 14 BGB besteht kein gesetzliches Widerrufsrecht.<\/div>\n<div>\u00a0<\/div>\n<div>Eine R\u00fccknahme von Waren erfolgt ausschlie\u00dflich nach individueller Vereinbarung.<\/div>\n<div>\u00a0<\/div>\n<div>Retouren- und Restpostenware ist grunds\u00e4tzlich vom Umtausch und der R\u00fcckgabe ausgeschlossen, sofern nicht ausdr\u00fccklich anders vereinbart.<\/div>\n<\/div>\n<\/div>\n\n\t\t<\/div>\n\t\t\t\t\t<\/div>\n\n\t\n\n<\/div>","protected":false},"excerpt":{"rendered":"","protected":false},"author":1,"featured_media":0,"parent":0,"menu_order":0,"comment_status":"closed","ping_status":"closed","template":"","meta":{"footnotes":""},"class_list":["post-187","page","type-page","status-publish","hentry"],"_links":{"self":[{"href":"https:\/\/qualideal.de\/de\/wp-json\/wp\/v2\/pages\/187","targetHints":{"allow":["GET"]}}],"collection":[{"href":"https:\/\/qualideal.de\/de\/wp-json\/wp\/v2\/pages"}],"about":[{"href":"https:\/\/qualideal.de\/de\/wp-json\/wp\/v2\/types\/page"}],"author":[{"embeddable":true,"href":"https:\/\/qualideal.de\/de\/wp-json\/wp\/v2\/users\/1"}],"replies":[{"embeddable":true,"href":"https:\/\/qualideal.de\/de\/wp-json\/wp\/v2\/comments?post=187"}],"version-history":[{"count":7,"href":"https:\/\/qualideal.de\/de\/wp-json\/wp\/v2\/pages\/187\/revisions"}],"predecessor-version":[{"id":357,"href":"https:\/\/qualideal.de\/de\/wp-json\/wp\/v2\/pages\/187\/revisions\/357"}],"wp:attachment":[{"href":"https:\/\/qualideal.de\/de\/wp-json\/wp\/v2\/media?parent=187"}],"curies":[{"name":"wp","href":"https:\/\/api.w.org\/{rel}","templated":true}]}}